{"id":6132,"date":"2017-03-31T10:05:24","date_gmt":"2017-03-31T08:05:24","guid":{"rendered":"https:\/\/firstmedia.group\/?page_id=6132\/"},"modified":"2025-03-25T14:37:00","modified_gmt":"2025-03-25T13:37:00","slug":"home","status":"publish","type":"page","link":"https:\/\/firstmedia.group\/en\/","title":{"rendered":"Home"},"content":{"rendered":"<p>[vc_row content_width=&#8221;grid&#8221;][vc_column][vc_empty_space][vc_column_text]<\/p>\n<h2 style=\"text-align: center;\"><a href=\"https:\/\/firstmedia.group\/en\/aktuelno\/\">NEWS<\/a><\/h2>\n<p>[\/vc_column_text]<div class=\"edgtf-separator-holder clearfix  edgtf-separator-center edgtf-separator-transparent\" style=\"margin-top: 39px;margin-bottom: 0px\">\r\n\t<div class=\"edgtf-separator\" ><\/div>\r\n<\/div>\r\n<div class=\"edgtf-blog-list-holder edgtf-masonry \">\r\n\t<ul class=\"edgtf-blog-list\">\r\n\t\t\t<li class=\"edgtf-blog-list-masonry-grid-sizer\"><\/li>\r\n\t\t<li class=\"edgtf-blog-list-masonry-grid-gutter\"><\/li>\r\n\t<li class=\"edgtf-blog-list-item edgtf-blog-list-masonry-item\">\r\n\t<div class=\"edgtf-blog-list-item-inner\">\r\n\t\t<div class=\"edgtf-item-image clearfix\">\r\n\t\t\t<a href=\"https:\/\/firstmedia.group\/en\/premiere-of-the-film-balkan-war\/\">\r\n\t\t\t\t<img width=\"1920\" height=\"1080\" src=\"https:\/\/firstmedia.group\/wp-content\/uploads\/2025\/02\/balkanskirat.jpg\" class=\"attachment-full size-full wp-post-image\" alt=\"Balkanski rat, film, reditelj, premijera, Sava centar, Petar Bo\u017eovi\u0107, Rade \u0160erbed\u017eija, Bojana Pekovi\u0107, movie, 2025, first media group\" loading=\"lazy\" srcset=\"https:\/\/firstmedia.group\/wp-content\/uploads\/2025\/02\/balkanskirat.jpg 1920w, https:\/\/firstmedia.group\/wp-content\/uploads\/2025\/02\/balkanskirat-300x169.jpg 300w, https:\/\/firstmedia.group\/wp-content\/uploads\/2025\/02\/balkanskirat-1024x576.jpg 1024w, https:\/\/firstmedia.group\/wp-content\/uploads\/2025\/02\/balkanskirat-768x432.jpg 768w, https:\/\/firstmedia.group\/wp-content\/uploads\/2025\/02\/balkanskirat-1536x864.jpg 1536w, https:\/\/firstmedia.group\/wp-content\/uploads\/2025\/02\/balkanskirat-700x394.jpg 700w\" sizes=\"(max-width: 1920px) 100vw, 1920px\" \/>\t\t\t\t\r\n\t\t\t<\/a>\r\n\t\t<\/div>\t\r\n\t\t<div class=\"edgtf-item-text-holder\">\r\n\t\t\t<h5 class=\"edgtf-item-title \">\r\n\t\t\t\t<a href=\"https:\/\/firstmedia.group\/en\/premiere-of-the-film-balkan-war\/\" >\r\n\t\t\t\t\tPremiere of the Film &#8220;Balkan War&#8221;\t\t\t\t<\/a>\r\n\t\t\t<\/h5>\r\n\t\t\t\r\n\t\t\t<div class=\"edgtf-item-info-section\">\r\n\t\t\t\t<div class=\"edgtf-post-info-date\">\r\n\t\r\n\t\t<i class=\"edgtf-icon-simple-line-icon icon-calender\"><\/i>27. March 2025.\r\n\t\t<\/div><div class=\"edgtf-post-info-author\"><i class=\"edgtf-icon-simple-line-icon icon-user\"><\/i><a class=\"edgtf-post-info-author-link\" href=\"https:\/\/firstmedia.group\/en\/author\/bmt011\/\">bmt011<\/a><\/div>\r\n<div class=\"edgtf-post-info-category\"><i class=\"edgtf-icon-simple-line-icon icon-tag\"><\/i><a href=\"https:\/\/firstmedia.group\/en\/category\/marketing-en\/\" rel=\"category tag\">Marketing<\/a>, <a href=\"https:\/\/firstmedia.group\/en\/category\/portfolio-en\/\" rel=\"category tag\">Portfolio<\/a>, <a href=\"https:\/\/firstmedia.group\/en\/category\/news\/\" rel=\"category tag\">News<\/a><\/div><div class=\"edgtf-post-info-comments-holder\"><a class=\"edgtf-post-info-comments\" href=\"https:\/\/firstmedia.group\/en\/premiere-of-the-film-balkan-war\/#respond\" target=\"_self\"><i class=\"edgtf-icon-simple-line-icon icon-bubbles\"><\/i>0 Comments<\/a><\/div><div class=\"edgtf-blog-like\">\r\n\t<a href=\"#\" class=\"edgtf-like\" id=\"edgtf-like-8584\" title=\"Like this\"><i class=\"icon-heart\"><\/i><span>0<\/span><\/a><\/div>\t\t\t<\/div>\r\n\t\t\t\t\t<\/div>\t\r\n\t<\/div>\t\r\n<\/li><li class=\"edgtf-blog-list-item edgtf-blog-list-masonry-item\">\r\n\t<div class=\"edgtf-blog-list-item-inner\">\r\n\t\t<div class=\"edgtf-item-image clearfix\">\r\n\t\t\t<a href=\"https:\/\/firstmedia.group\/en\/vitaminka-good-food-wine-festival\/\">\r\n\t\t\t\t<img width=\"1280\" height=\"720\" src=\"https:\/\/firstmedia.group\/wp-content\/uploads\/2024\/10\/Untitled-design-21.png\" class=\"attachment-full size-full wp-post-image\" alt=\"\" loading=\"lazy\" srcset=\"https:\/\/firstmedia.group\/wp-content\/uploads\/2024\/10\/Untitled-design-21.png 1280w, https:\/\/firstmedia.group\/wp-content\/uploads\/2024\/10\/Untitled-design-21-300x169.png 300w, https:\/\/firstmedia.group\/wp-content\/uploads\/2024\/10\/Untitled-design-21-1024x576.png 1024w, https:\/\/firstmedia.group\/wp-content\/uploads\/2024\/10\/Untitled-design-21-768x432.png 768w, https:\/\/firstmedia.group\/wp-content\/uploads\/2024\/10\/Untitled-design-21-700x394.png 700w\" sizes=\"(max-width: 1280px) 100vw, 1280px\" \/>\t\t\t\t\r\n\t\t\t<\/a>\r\n\t\t<\/div>\t\r\n\t\t<div class=\"edgtf-item-text-holder\">\r\n\t\t\t<h5 class=\"edgtf-item-title \">\r\n\t\t\t\t<a href=\"https:\/\/firstmedia.group\/en\/vitaminka-good-food-wine-festival\/\" >\r\n\t\t\t\t\t\u201eVITAMINKA GOOD FOOD &#038; WINE FESTIVAL\u201c\t\t\t\t<\/a>\r\n\t\t\t<\/h5>\r\n\t\t\t\r\n\t\t\t<div class=\"edgtf-item-info-section\">\r\n\t\t\t\t<div class=\"edgtf-post-info-date\">\r\n\t\r\n\t\t<i class=\"edgtf-icon-simple-line-icon icon-calender\"><\/i>17. October 2024.\r\n\t\t<\/div><div class=\"edgtf-post-info-author\"><i class=\"edgtf-icon-simple-line-icon icon-user\"><\/i><a class=\"edgtf-post-info-author-link\" href=\"https:\/\/firstmedia.group\/en\/author\/bmt011\/\">bmt011<\/a><\/div>\r\n<div class=\"edgtf-post-info-category\"><i class=\"edgtf-icon-simple-line-icon icon-tag\"><\/i><a href=\"https:\/\/firstmedia.group\/en\/category\/public-relations-en\/\" rel=\"category tag\">Public Relations<\/a>, <a href=\"https:\/\/firstmedia.group\/en\/category\/marketing-en\/\" rel=\"category tag\">Marketing<\/a>, <a href=\"https:\/\/firstmedia.group\/en\/category\/portfolio-en\/\" rel=\"category tag\">Portfolio<\/a>, <a href=\"https:\/\/firstmedia.group\/en\/category\/news\/\" rel=\"category tag\">News<\/a><\/div><div class=\"edgtf-post-info-comments-holder\"><a class=\"edgtf-post-info-comments\" href=\"https:\/\/firstmedia.group\/en\/vitaminka-good-food-wine-festival\/#respond\" target=\"_self\"><i class=\"edgtf-icon-simple-line-icon icon-bubbles\"><\/i>0 Comments<\/a><\/div><div class=\"edgtf-blog-like\">\r\n\t<a href=\"#\" class=\"edgtf-like\" id=\"edgtf-like-8520\" title=\"Like this\"><i class=\"icon-heart\"><\/i><span>0<\/span><\/a><\/div>\t\t\t<\/div>\r\n\t\t\t\t\t<\/div>\t\r\n\t<\/div>\t\r\n<\/li><li class=\"edgtf-blog-list-item edgtf-blog-list-masonry-item\">\r\n\t<div class=\"edgtf-blog-list-item-inner\">\r\n\t\t<div class=\"edgtf-item-image clearfix\">\r\n\t\t\t<a href=\"https:\/\/firstmedia.group\/en\/along-the-paths-of-drina-rafters\/\">\r\n\t\t\t\t<img width=\"1280\" height=\"720\" src=\"https:\/\/firstmedia.group\/wp-content\/uploads\/2024\/08\/\u041f\u0423\u0422\u0415\u0412\u0418\u041c\u0410-\u0414\u0420\u0418\u041d\u0421\u041a\u0418\u0425-\u0421\u041f\u041b\u0410\u0412\u0410\u0420\u0410-1.png\" class=\"attachment-full size-full wp-post-image\" alt=\"\" loading=\"lazy\" srcset=\"https:\/\/firstmedia.group\/wp-content\/uploads\/2024\/08\/\u041f\u0423\u0422\u0415\u0412\u0418\u041c\u0410-\u0414\u0420\u0418\u041d\u0421\u041a\u0418\u0425-\u0421\u041f\u041b\u0410\u0412\u0410\u0420\u0410-1.png 1280w, https:\/\/firstmedia.group\/wp-content\/uploads\/2024\/08\/\u041f\u0423\u0422\u0415\u0412\u0418\u041c\u0410-\u0414\u0420\u0418\u041d\u0421\u041a\u0418\u0425-\u0421\u041f\u041b\u0410\u0412\u0410\u0420\u0410-1-300x169.png 300w, https:\/\/firstmedia.group\/wp-content\/uploads\/2024\/08\/\u041f\u0423\u0422\u0415\u0412\u0418\u041c\u0410-\u0414\u0420\u0418\u041d\u0421\u041a\u0418\u0425-\u0421\u041f\u041b\u0410\u0412\u0410\u0420\u0410-1-1024x576.png 1024w, https:\/\/firstmedia.group\/wp-content\/uploads\/2024\/08\/\u041f\u0423\u0422\u0415\u0412\u0418\u041c\u0410-\u0414\u0420\u0418\u041d\u0421\u041a\u0418\u0425-\u0421\u041f\u041b\u0410\u0412\u0410\u0420\u0410-1-768x432.png 768w, https:\/\/firstmedia.group\/wp-content\/uploads\/2024\/08\/\u041f\u0423\u0422\u0415\u0412\u0418\u041c\u0410-\u0414\u0420\u0418\u041d\u0421\u041a\u0418\u0425-\u0421\u041f\u041b\u0410\u0412\u0410\u0420\u0410-1-700x394.png 700w\" sizes=\"(max-width: 1280px) 100vw, 1280px\" \/>\t\t\t\t\r\n\t\t\t<\/a>\r\n\t\t<\/div>\t\r\n\t\t<div class=\"edgtf-item-text-holder\">\r\n\t\t\t<h5 class=\"edgtf-item-title \">\r\n\t\t\t\t<a href=\"https:\/\/firstmedia.group\/en\/along-the-paths-of-drina-rafters\/\" >\r\n\t\t\t\t\t&#8220;ALONG THE PATHS OF DRINA RAFTERS&#8221;\t\t\t\t<\/a>\r\n\t\t\t<\/h5>\r\n\t\t\t\r\n\t\t\t<div class=\"edgtf-item-info-section\">\r\n\t\t\t\t<div class=\"edgtf-post-info-date\">\r\n\t\r\n\t\t<i class=\"edgtf-icon-simple-line-icon icon-calender\"><\/i>17. October 2024.\r\n\t\t<\/div><div class=\"edgtf-post-info-author\"><i class=\"edgtf-icon-simple-line-icon icon-user\"><\/i><a class=\"edgtf-post-info-author-link\" href=\"https:\/\/firstmedia.group\/en\/author\/bmt011\/\">bmt011<\/a><\/div>\r\n<div class=\"edgtf-post-info-category\"><i class=\"edgtf-icon-simple-line-icon icon-tag\"><\/i><a href=\"https:\/\/firstmedia.group\/en\/category\/tv-production-en\/\" rel=\"category tag\">TV production<\/a>, <a href=\"https:\/\/firstmedia.group\/en\/category\/portfolio-en\/\" rel=\"category tag\">Portfolio<\/a>, <a href=\"https:\/\/firstmedia.group\/en\/category\/news\/\" rel=\"category tag\">News<\/a><\/div><div class=\"edgtf-post-info-comments-holder\"><a class=\"edgtf-post-info-comments\" href=\"https:\/\/firstmedia.group\/en\/along-the-paths-of-drina-rafters\/#respond\" target=\"_self\"><i class=\"edgtf-icon-simple-line-icon icon-bubbles\"><\/i>0 Comments<\/a><\/div><div class=\"edgtf-blog-like\">\r\n\t<a href=\"#\" class=\"edgtf-like\" id=\"edgtf-like-8517\" title=\"Like this\"><i class=\"icon-heart\"><\/i><span>0<\/span><\/a><\/div>\t\t\t<\/div>\r\n\t\t\t\t\t<\/div>\t\r\n\t<\/div>\t\r\n<\/li>\t<\/ul>\t\r\n<\/div>\r\n[\/vc_column][\/vc_row][vc_row content_aligment=&#8221;center&#8221; css=&#8221;.vc_custom_1444658513013{padding-top: 82px !important;padding-bottom: 58px !important;}&#8221;][vc_column][vc_column_text]<\/p>\n<h2 style=\"text-align: center;\"><a href=\"https:\/\/firstmedia.group\/en\/projects-and-campaigns\/\">PROJECTS<\/a><\/h2>\n<p>[\/vc_column_text][vc_empty_space][\/vc_column][\/vc_row][vc_row content_width=&#8221;grid&#8221; css=&#8221;.vc_custom_1444381087929{padding-bottom: 62px !important;}&#8221;][vc_column width=&#8221;1\/3&#8243;][vc_single_image image=&#8221;8463&#8243; img_size=&#8221;full&#8221; style=&#8221;vc_box_rounded&#8221; onclick=&#8221;custom_link&#8221; link=&#8221;https:\/\/firstmedia.group\/en\/safely-through-the-tunnel\/&#8221;][vc_column_text]<\/p>\n<h3 class=\"edgtf-post-title\" style=\"text-align: center;\">\u201cSAFELY THROUGH THE TUNNEL\u201d<\/h3>\n<hr \/>\n<p style=\"text-align: center;\">TV Production<\/p>\n<p>[\/vc_column_text][\/vc_column][vc_column width=&#8221;1\/3&#8243;][vc_single_image image=&#8221;8458&#8243; img_size=&#8221;full&#8221; style=&#8221;vc_box_rounded&#8221; onclick=&#8221;custom_link&#8221; link=&#8221;https:\/\/firstmedia.group\/en\/we-are-not-alone-in-the-tunnel\/&#8221;][vc_column_text]<\/p>\n<h3 class=\"edgtf-post-title\" style=\"text-align: center;\">\u201cWE ARE NOT ALONE IN THE TUNNEL\u201d<\/h3>\n<hr \/>\n<p style=\"text-align: center;\">TV Production<\/p>\n<p>[\/vc_column_text][\/vc_column][vc_column width=&#8221;1\/3&#8243;][vc_single_image image=&#8221;8450&#8243; img_size=&#8221;full&#8221; style=&#8221;vc_box_rounded&#8221;][vc_column_text]<\/p>\n<h3 style=\"text-align: center;\">30 YEARS OF THE CENTER FOR PHYSICAL MEDICINE AT UKCS<\/h3>\n<hr \/>\n<p style=\"text-align: center;\">Marketing, Public relations &amp; TV Production<\/p>\n<p>[\/vc_column_text][\/vc_column][\/vc_row][vc_row content_width=&#8221;grid&#8221; css=&#8221;.vc_custom_1444381087929{padding-bottom: 62px !important;}&#8221;][vc_column width=&#8221;1\/3&#8243;][vc_single_image image=&#8221;8438&#8243; img_size=&#8221;full&#8221; style=&#8221;vc_box_rounded&#8221;][vc_column_text]<\/p>\n<h3 style=\"text-align: center;\">&#8220;GET AN ENP, PASS FASTER&#8221;<\/h3>\n<hr \/>\n<p style=\"text-align: center;\">Marketing &amp; Public Relations<\/p>\n<p>[\/vc_column_text][\/vc_column][vc_column width=&#8221;1\/3&#8243;][vc_single_image image=&#8221;8533&#8243; img_size=&#8221;full&#8221; style=&#8221;vc_box_rounded&#8221;][vc_column_text]<\/p>\n<h3 class=\"edgtf-post-title\" style=\"text-align: center;\">LIDERS IN TOURISM<\/h3>\n<hr \/>\n<p style=\"text-align: center;\">Public Relations<\/p>\n<p>[\/vc_column_text][\/vc_column][vc_column width=&#8221;1\/3&#8243;][vc_single_image image=&#8221;8447&#8243; img_size=&#8221;full&#8221; style=&#8221;vc_box_rounded&#8221; onclick=&#8221;custom_link&#8221; link=&#8221;https:\/\/firstmedia.group\/en\/putovanjaiturizam-com-winner-of-special-prize-top50\/&#8221;][vc_column_text]<\/p>\n<h3 class=\"edgtf-post-title\" style=\"text-align: center;\">PUTOVANJAITURIZAM.COM WINNER OF A SPECIAL PRIZE TOP50<\/h3>\n<hr \/>\n<p style=\"text-align: center;\">Marketing<\/p>\n<p>[\/vc_column_text][\/vc_column][\/vc_row][vc_row content_width=&#8221;grid&#8221; css=&#8221;.vc_custom_1444381087929{padding-bottom: 62px !important;}&#8221;][vc_column width=&#8221;1\/3&#8243;][vc_single_image image=&#8221;8299&#8243; img_size=&#8221;full&#8221; style=&#8221;vc_box_rounded&#8221;][vc_column_text]<\/p>\n<h3 style=\"text-align: center;\">&#8220;THE SIGN MEANS LIFE&#8221;<\/h3>\n<hr \/>\n<p style=\"text-align: center;\">TV production<\/p>\n<p>[\/vc_column_text][\/vc_column][vc_column width=&#8221;1\/3&#8243;][vc_single_image image=&#8221;8297&#8243; img_size=&#8221;full&#8221; style=&#8221;vc_box_rounded&#8221;][vc_column_text]<\/p>\n<h3 class=\"edgtf-post-title\" style=\"text-align: center;\">&#8220;DON&#8217;T STOP LIFE&#8221;<\/h3>\n<hr \/>\n<p style=\"text-align: center;\">TV Production<\/p>\n<p>[\/vc_column_text][\/vc_column][vc_column width=&#8221;1\/3&#8243;][vc_single_image image=&#8221;8344&#8243; img_size=&#8221;full&#8221; style=&#8221;vc_box_rounded&#8221;][vc_column_text]<\/p>\n<h3 style=\"text-align: center;\">&#8220;DAYS OF VITAMINKA&#8221; IN BANJA LUKA<\/h3>\n<hr \/>\n<p style=\"text-align: center;\">Marketing &amp; Public Relations<\/p>\n<p>[\/vc_column_text][\/vc_column][\/vc_row][vc_row][vc_column]\n\t\t\t<!-- START Slider 1 REVOLUTION SLIDER 6.5.21 --><p class=\"rs-p-wp-fix\"><\/p>\n\t\t\t<rs-module-wrap id=\"rev_slider_7_1_wrapper\" data-source=\"gallery\" style=\"visibility:hidden;background:transparent;padding:0;margin:0px auto;margin-top:0;margin-bottom:0;\">\n\t\t\t\t<rs-module id=\"rev_slider_7_1\" style=\"\" data-version=\"6.5.21\">\n\t\t\t\t\t<rs-slides>\n\t\t\t\t\t\t<rs-slide style=\"position: absolute;\" data-key=\"rs-24\" data-title=\"Slide\" data-anim=\"p:dark;f:edges;\" data-in=\"o:0;sx:1.1;sy:1.1;m:true;row:30;col:30;\" data-out=\"a:false;\" data-mediafilter=\"willow\">\n\t\t\t\t\t\t\t<img src=\"\/\/firstmedia.group\/wp-content\/plugins\/revslider\/public\/assets\/assets\/dummy.png\" alt=\"Slide\" title=\"&#8220;ALONG THE PATHS OF DRINA RAFTERS&#8221;\" class=\"rev-slidebg tp-rs-img rs-lazyload\" data-lazyload=\"\/\/firstmedia.group\/wp-content\/plugins\/revslider\/public\/assets\/assets\/transparent.png\" data-no-retina>\n<!--\n\t\t\t\t\t\t\t--><rs-layer\n\t\t\t\t\t\t\t\tid=\"slider-7-slide-24-layer-0\" \n\t\t\t\t\t\t\t\tclass=\"rs-layer-video intrinsic-ignore\"\n\t\t\t\t\t\t\t\tdata-type=\"video\"\n\t\t\t\t\t\t\t\tdata-bsh=\"h:2px;\"\n\t\t\t\t\t\t\t\tdata-rsp_ch=\"on\"\n\t\t\t\t\t\t\t\tdata-xy=\"y:c;\"\n\t\t\t\t\t\t\t\tdata-text=\"w:normal;\"\n\t\t\t\t\t\t\t\tdata-dim=\"w:400px;h:225px;\"\n\t\t\t\t\t\t\t\tdata-video=\"ap:false;vd:100;l:false;ptimer:false;\"\n\t\t\t\t\t\t\t\tdata-poster=\"\/\/firstmedia.group\/wp-content\/uploads\/2024\/10\/mq2.webp\"\n\t\t\t\t\t\t\t\tdata-ytid=\"cDW6HxG9uhA&t\"\n\t\t\t\t\t\t\t\tdata-vatr=\"version=3&amp;enablejsapi=1&amp;html5=1&amp;https:\/\/www.youtube.com\/watch?v=cDW6HxG9uhA&amp;t=10s&amp;origin=https:\/\/firstmedia.group;\"\n\t\t\t\t\t\t\t\tdata-frame_999=\"o:0;st:w;\"\n\t\t\t\t\t\t\t\tstyle=\"z-index:9;\"\n\t\t\t\t\t\t\t>\n\t\t\t\t\t\t\t<\/rs-layer><!--\n\n\t\t\t\t\t\t\t--><rs-layer\n\t\t\t\t\t\t\t\tid=\"slider-7-slide-24-layer-2\" \n\t\t\t\t\t\t\t\tclass=\"rs-layer-video intrinsic-ignore\"\n\t\t\t\t\t\t\t\tdata-type=\"video\"\n\t\t\t\t\t\t\t\tdata-rsp_ch=\"on\"\n\t\t\t\t\t\t\t\tdata-xy=\"x:c;y:c;\"\n\t\t\t\t\t\t\t\tdata-text=\"w:normal;\"\n\t\t\t\t\t\t\t\tdata-dim=\"w:400px;h:225px;\"\n\t\t\t\t\t\t\t\tdata-video=\"ap:false;vd:100;l:false;ptimer:false;\"\n\t\t\t\t\t\t\t\tdata-poster=\"\/\/img.youtube.com\/vi\/cDW6HxG9uhA\/maxresdefault.jpg\"\n\t\t\t\t\t\t\t\tdata-ytid=\"cDW6HxG9uhA\"\n\t\t\t\t\t\t\t\tdata-vatr=\"version=3&amp;enablejsapi=1&amp;html5=1&amp;hd=1&amp;wmode=opaque&amp;showinfo=0&amp;rel=0&amp;origin=https:\/\/firstmedia.group;\"\n\t\t\t\t\t\t\t\tdata-frame_999=\"o:0;st:w;\"\n\t\t\t\t\t\t\t\tstyle=\"z-index:10;\"\n\t\t\t\t\t\t\t>\n\t\t\t\t\t\t\t<\/rs-layer><!--\n\n\t\t\t\t\t\t\t--><rs-layer\n\t\t\t\t\t\t\t\tid=\"slider-7-slide-24-layer-3\" \n\t\t\t\t\t\t\t\tclass=\"rs-layer-video intrinsic-ignore\"\n\t\t\t\t\t\t\t\tdata-type=\"video\"\n\t\t\t\t\t\t\t\tdata-rsp_ch=\"on\"\n\t\t\t\t\t\t\t\tdata-xy=\"x:r;y:c;\"\n\t\t\t\t\t\t\t\tdata-text=\"w:normal;\"\n\t\t\t\t\t\t\t\tdata-dim=\"w:400px;h:225px;\"\n\t\t\t\t\t\t\t\tdata-video=\"ap:false;vd:100;l:false;ptimer:false;\"\n\t\t\t\t\t\t\t\tdata-poster=\"\/\/img.youtube.com\/vi\/zRteZ_CP5d8\/maxresdefault.jpg\"\n\t\t\t\t\t\t\t\tdata-ytid=\"zRteZ_CP5d8\"\n\t\t\t\t\t\t\t\tdata-vatr=\"version=3&amp;enablejsapi=1&amp;html5=1&amp;hd=1&amp;wmode=opaque&amp;showinfo=0&amp;rel=0&amp;origin=https:\/\/firstmedia.group;\"\n\t\t\t\t\t\t\t\tdata-frame_999=\"o:0;st:w;\"\n\t\t\t\t\t\t\t\tstyle=\"z-index:11;\"\n\t\t\t\t\t\t\t>\n\t\t\t\t\t\t\t<\/rs-layer><!--\n\n\t\t\t\t\t\t\t--><a\n\t\t\t\t\t\t\t\tid=\"slider-7-slide-24-layer-7\" \n\t\t\t\t\t\t\t\tclass=\"rs-layer\"\n\t\t\t\t\t\t\t\thref=\"https:\/\/www.youtube.com\/watch?v=zk9-0A3TxE0\" target=\"_self\" rel=\"nofollow\"\n\t\t\t\t\t\t\t\tdata-type=\"button\"\n\t\t\t\t\t\t\t\tdata-color=\"#ffffff\"\n\t\t\t\t\t\t\t\tdata-rsp_ch=\"on\"\n\t\t\t\t\t\t\t\tdata-xy=\"x:158px;y:105px;\"\n\t\t\t\t\t\t\t\tdata-text=\"w:normal;l:60;a:center;\"\n\t\t\t\t\t\t\t\tdata-dim=\"w:60px;h:60px;minw:60px;minh:60px;\"\n\t\t\t\t\t\t\t\tdata-border=\"bor:50%,50%,50%,50%;\"\n\t\t\t\t\t\t\t\tdata-frame_999=\"o:0;st:w;\"\n\t\t\t\t\t\t\t\tstyle=\"z-index:12;background-color:rgba(0,0,0,0.5);font-family:'Roboto';text-transform:uppercase;\"\n\t\t\t\t\t\t\t><i class=\"fa-play\"><\/i> \n\t\t\t\t\t\t\t<\/a><!--\n\n\t\t\t\t\t\t\t--><a\n\t\t\t\t\t\t\t\tid=\"slider-7-slide-24-layer-8\" \n\t\t\t\t\t\t\t\tclass=\"rs-layer\"\n\t\t\t\t\t\t\t\thref=\"https:\/\/www.youtube.com\/watch?v=cDW6HxG9uhA\" target=\"_self\" rel=\"nofollow\"\n\t\t\t\t\t\t\t\tdata-type=\"button\"\n\t\t\t\t\t\t\t\tdata-color=\"#ffffff\"\n\t\t\t\t\t\t\t\tdata-rsp_ch=\"on\"\n\t\t\t\t\t\t\t\tdata-xy=\"x:588px;y:111px;\"\n\t\t\t\t\t\t\t\tdata-text=\"w:normal;l:60;a:center;\"\n\t\t\t\t\t\t\t\tdata-dim=\"w:60px;h:60px;minw:60px;minh:60px;\"\n\t\t\t\t\t\t\t\tdata-border=\"bor:50%,50%,50%,50%;\"\n\t\t\t\t\t\t\t\tdata-frame_999=\"o:0;st:w;\"\n\t\t\t\t\t\t\t\tstyle=\"z-index:12;background-color:rgba(0,0,0,0.5);font-family:'Roboto';text-transform:uppercase;\"\n\t\t\t\t\t\t\t><i class=\"fa-play\"><\/i> \n\t\t\t\t\t\t\t<\/a><!--\n\n\t\t\t\t\t\t\t--><a\n\t\t\t\t\t\t\t\tid=\"slider-7-slide-24-layer-9\" \n\t\t\t\t\t\t\t\tclass=\"rs-layer\"\n\t\t\t\t\t\t\t\thref=\"https:\/\/www.youtube.com\/watch?v=zRteZ_CP5d8&t=1s\" target=\"_self\" rel=\"nofollow\"\n\t\t\t\t\t\t\t\tdata-type=\"button\"\n\t\t\t\t\t\t\t\tdata-color=\"#ffffff\"\n\t\t\t\t\t\t\t\tdata-rsp_ch=\"on\"\n\t\t\t\t\t\t\t\tdata-xy=\"x:1008px;y:109px;\"\n\t\t\t\t\t\t\t\tdata-text=\"w:normal;l:60;a:center;\"\n\t\t\t\t\t\t\t\tdata-dim=\"w:60px;h:60px;minw:60px;minh:60px;\"\n\t\t\t\t\t\t\t\tdata-border=\"bor:50%,50%,50%,50%;\"\n\t\t\t\t\t\t\t\tdata-frame_999=\"o:0;st:w;\"\n\t\t\t\t\t\t\t\tstyle=\"z-index:12;background-color:rgba(0,0,0,0.5);font-family:'Roboto';text-transform:uppercase;\"\n\t\t\t\t\t\t\t><i class=\"fa-play\"><\/i> \n\t\t\t\t\t\t\t<\/a><!--\n-->\t\t\t\t\t\t<\/rs-slide>\n\t\t\t\t\t<\/rs-slides>\n\t\t\t\t<\/rs-module>\n\t\t\t\t<script>\n\t\t\t\t\tsetREVStartSize({c: 'rev_slider_7_1',rl:[1240,1024,778,480],el:[300],gw:[1240],gh:[300],type:'standard',justify:'',layout:'fullwidth',mh:\"0\"});if (window.RS_MODULES!==undefined && window.RS_MODULES.modules!==undefined && window.RS_MODULES.modules[\"revslider71\"]!==undefined) {window.RS_MODULES.modules[\"revslider71\"].once = false;window.revapi7 = undefined;if (window.RS_MODULES.checkMinimal!==undefined) window.RS_MODULES.checkMinimal()}\n\t\t\t\t<\/script>\n\t\t\t\t<script src=\"https:\/\/www.youtube.com\/iframe_api\"><\/script>\n\t\t\t<\/rs-module-wrap>\n\t\t\t<!-- END REVOLUTION SLIDER -->\n[\/vc_column][\/vc_row]<\/p>\n","protected":false},"excerpt":{"rendered":"<p>[vc_row content_width=&#8221;grid&#8221;][vc_column][vc_empty_space][vc_column_text] NEWS [\/vc_column_text][\/vc_column][\/vc_row][vc_row content_aligment=&#8221;center&#8221; css=&#8221;.vc_custom_1444658513013{padding-top: 82px !important;padding-bottom: 58px !important;}&#8221;][vc_column][vc_column_text] PROJECTS [\/vc_column_text][vc_empty_space][\/vc_column][\/vc_row][vc_row content_width=&#8221;grid&#8221; css=&#8221;.vc_custom_1444381087929{padding-bottom: 62px !important;}&#8221;][vc_column width=&#8221;1\/3&#8243;][vc_single_image image=&#8221;8463&#8243; img_size=&#8221;full&#8221; style=&#8221;vc_box_rounded&#8221; onclick=&#8221;custom_link&#8221; link=&#8221;https:\/\/firstmedia.group\/en\/safely-through-the-tunnel\/&#8221;][vc_column_text] \u201cSAFELY THROUGH THE TUNNEL\u201d TV Production [\/vc_column_text][\/vc_column][vc_column width=&#8221;1\/3&#8243;][vc_single_image image=&#8221;8458&#8243; img_size=&#8221;full&#8221; style=&#8221;vc_box_rounded&#8221; onclick=&#8221;custom_link&#8221; link=&#8221;https:\/\/firstmedia.group\/en\/we-are-not-alone-in-the-tunnel\/&#8221;][vc_column_text] \u201cWE ARE NOT ALONE IN THE TUNNEL\u201d TV Production [\/vc_column_text][\/vc_column][vc_column&#8230;<\/p>\n","protected":false},"author":1,"featured_media":0,"parent":0,"menu_order":0,"comment_status":"closed","ping_status":"closed","template":"full-width.php","meta":[],"_links":{"self":[{"href":"https:\/\/firstmedia.group\/en\/wp-json\/wp\/v2\/pages\/6132"}],"collection":[{"href":"https:\/\/firstmedia.group\/en\/wp-json\/wp\/v2\/pages"}],"about":[{"href":"https:\/\/firstmedia.group\/en\/wp-json\/wp\/v2\/types\/page"}],"author":[{"embeddable":true,"href":"https:\/\/firstmedia.group\/en\/wp-json\/wp\/v2\/users\/1"}],"replies":[{"embeddable":true,"href":"https:\/\/firstmedia.group\/en\/wp-json\/wp\/v2\/comments?post=6132"}],"version-history":[{"count":44,"href":"https:\/\/firstmedia.group\/en\/wp-json\/wp\/v2\/pages\/6132\/revisions"}],"predecessor-version":[{"id":8577,"href":"https:\/\/firstmedia.group\/en\/wp-json\/wp\/v2\/pages\/6132\/revisions\/8577"}],"wp:attachment":[{"href":"https:\/\/firstmedia.group\/en\/wp-json\/wp\/v2\/media?parent=6132"}],"curies":[{"name":"wp","href":"https:\/\/api.w.org\/{rel}","templated":true}]}}