{"id":6064,"date":"2017-03-18T16:42:21","date_gmt":"2017-03-18T15:42:21","guid":{"rendered":"https:\/\/firstmedia.group\/?page_id=6064\/"},"modified":"2017-03-18T17:05:55","modified_gmt":"2017-03-18T16:05:55","slug":"projects-and-campaigns","status":"publish","type":"page","link":"https:\/\/firstmedia.group\/en\/projects-and-campaigns\/","title":{"rendered":"PROJECTS AND CAMPAIGNS"},"content":{"rendered":"<p>[vc_row][vc_column][vc_column_text]Our services in the field of public relations concentrate on creating an environment in which customers want to present their ideas. With a\u00a0good organization of market access, clients can be sure that their business is presented to the general public in the best possible way.<\/p>\n<p>The areas (categories):<\/p>\n<p>&nbsp;<\/p>\n<ul>\n<li>TV production<\/li>\n<li>PR<\/li>\n<li>Internet<\/li>\n<li>Marketing<\/li>\n<li>Events<\/li>\n<\/ul>\n<p>[\/vc_column_text][\/vc_column][\/vc_row][vc_row][vc_column][vc_column_text]I am text block. Click edit button to change this text. Lorem ipsum dolor sit amet, consectetur adipiscing elit. Ut elit tellus, luctus nec ullamcorper mattis, pulvinar dapibus leo.[\/vc_column_text][\/vc_column][\/vc_row][vc_row][vc_column]<div class=\"edgtf-blog-list-holder edgtf-boxes edgtf-three-columns\">\r\n\t<ul class=\"edgtf-blog-list\">\r\n\t<li class=\"edgtf-blog-list-item clearfix\">\r\n\t<div class=\"edgtf-blog-list-item-inner\">\r\n\t\t\t\t\t<div class=\"edgtf-item-image\">\r\n\t\t\t\t<div class=\"edgtf-item-date\">\r\n\t\t\t\t\t<span class=\"edgtf-date-month\">Jan<\/span>\r\n\t\t\t\t\t<span class=\"edgtf-date-day\">19<\/span>\r\n\t\t\t\t\t<span class=\"edgtf-date-year\">2026<\/span>\r\n\t\t\t\t<\/div>\r\n\t\t\t\t<a href=\"https:\/\/firstmedia.group\/en\/leaders-in-tourism-2025\/\">\r\n\t\t\t\t\t<img width=\"1080\" height=\"604\" src=\"https:\/\/firstmedia.group\/wp-content\/uploads\/2026\/01\/Untitled-design-1.png\" class=\"attachment-full size-full wp-post-image\" alt=\"Lideri u turizmu 2025, First media group, agencija, sve\u010dana dodela nagrada, turizam, Putovanja i turizam, 2026, nagrada, priznanja\" loading=\"lazy\" srcset=\"https:\/\/firstmedia.group\/wp-content\/uploads\/2026\/01\/Untitled-design-1.png 1080w, https:\/\/firstmedia.group\/wp-content\/uploads\/2026\/01\/Untitled-design-1-300x168.png 300w, https:\/\/firstmedia.group\/wp-content\/uploads\/2026\/01\/Untitled-design-1-1024x573.png 1024w, https:\/\/firstmedia.group\/wp-content\/uploads\/2026\/01\/Untitled-design-1-768x430.png 768w, https:\/\/firstmedia.group\/wp-content\/uploads\/2026\/01\/Untitled-design-1-700x391.png 700w\" sizes=\"(max-width: 1080px) 100vw, 1080px\" \/>\t\t\t\t<\/a>\r\n\t\t\t\t<a href=\"https:\/\/firstmedia.group\/en\/leaders-in-tourism-2025\/\" class=\"edgtf-image-hover\">\r\n\t\t\t\t\t<span class=\"edgtf-image-hover-inner\">\r\n\t\t\t\t\t\t<span>Read More<span class=\"arrow_carrot-right edgtf-hover-icon\"><\/span><\/span>\r\n\t\t\t\t\t<\/span>\r\n\t\t\t\t<\/a>\r\n\t\t\t<\/div>\r\n\t\t\t\t<div class=\"edgtf-item-text-holder\">\r\n\t\t\t<h3 class=\"edgtf-item-title\">\r\n\t\t\t\t<a href=\"https:\/\/firstmedia.group\/en\/leaders-in-tourism-2025\/\" >\r\n\t\t\t\t\tLEADERS IN TOURISM 2025\t\t\t\t<\/a>\r\n\t\t\t<\/h3>\r\n\t\t\t\r\n\t\t\t<div class=\"edgtf-item-info-section\">\r\n\t\t\t\t<div class=\"edgtf-post-info-author\"><i class=\"edgtf-icon-simple-line-icon icon-user\"><\/i><a class=\"edgtf-post-info-author-link\" href=\"https:\/\/firstmedia.group\/en\/author\/bmt011\/\">bmt011<\/a><\/div>\r\n<div class=\"edgtf-post-info-category\"><i class=\"edgtf-icon-simple-line-icon icon-tag\"><\/i><a href=\"https:\/\/firstmedia.group\/en\/category\/public-relations-en\/\" rel=\"category tag\">Public Relations<\/a>, <a href=\"https:\/\/firstmedia.group\/en\/category\/marketing-en\/\" rel=\"category tag\">Marketing<\/a>, <a href=\"https:\/\/firstmedia.group\/en\/category\/portfolio-en\/\" rel=\"category tag\">Portfolio<\/a><\/div><div class=\"edgtf-post-info-comments-holder\"><a class=\"edgtf-post-info-comments\" href=\"https:\/\/firstmedia.group\/en\/leaders-in-tourism-2025\/#respond\" target=\"_self\"><i class=\"edgtf-icon-simple-line-icon icon-bubbles\"><\/i>0 Comments<\/a><\/div>\t\t\t<\/div>\r\n\t\t\t\r\n\t\t\t\t\t<\/div>\r\n\t<\/div>\t\r\n<\/li><li class=\"edgtf-blog-list-item clearfix\">\r\n\t<div class=\"edgtf-blog-list-item-inner\">\r\n\t\t\t\t\t<div class=\"edgtf-item-image\">\r\n\t\t\t\t<div class=\"edgtf-item-date\">\r\n\t\t\t\t\t<span class=\"edgtf-date-month\">Mar<\/span>\r\n\t\t\t\t\t<span class=\"edgtf-date-day\">27<\/span>\r\n\t\t\t\t\t<span class=\"edgtf-date-year\">2025<\/span>\r\n\t\t\t\t<\/div>\r\n\t\t\t\t<a href=\"https:\/\/firstmedia.group\/en\/premiere-of-the-film-balkan-war\/\">\r\n\t\t\t\t\t<img width=\"1920\" height=\"1080\" src=\"https:\/\/firstmedia.group\/wp-content\/uploads\/2025\/02\/balkanskirat.jpg\" class=\"attachment-full size-full wp-post-image\" alt=\"Balkanski rat, film, reditelj, premijera, Sava centar, Petar Bo\u017eovi\u0107, Rade \u0160erbed\u017eija, Bojana Pekovi\u0107, movie, 2025, first media group\" loading=\"lazy\" srcset=\"https:\/\/firstmedia.group\/wp-content\/uploads\/2025\/02\/balkanskirat.jpg 1920w, https:\/\/firstmedia.group\/wp-content\/uploads\/2025\/02\/balkanskirat-300x169.jpg 300w, https:\/\/firstmedia.group\/wp-content\/uploads\/2025\/02\/balkanskirat-1024x576.jpg 1024w, https:\/\/firstmedia.group\/wp-content\/uploads\/2025\/02\/balkanskirat-768x432.jpg 768w, https:\/\/firstmedia.group\/wp-content\/uploads\/2025\/02\/balkanskirat-1536x864.jpg 1536w, https:\/\/firstmedia.group\/wp-content\/uploads\/2025\/02\/balkanskirat-700x394.jpg 700w\" sizes=\"(max-width: 1920px) 100vw, 1920px\" \/>\t\t\t\t<\/a>\r\n\t\t\t\t<a href=\"https:\/\/firstmedia.group\/en\/premiere-of-the-film-balkan-war\/\" class=\"edgtf-image-hover\">\r\n\t\t\t\t\t<span class=\"edgtf-image-hover-inner\">\r\n\t\t\t\t\t\t<span>Read More<span class=\"arrow_carrot-right edgtf-hover-icon\"><\/span><\/span>\r\n\t\t\t\t\t<\/span>\r\n\t\t\t\t<\/a>\r\n\t\t\t<\/div>\r\n\t\t\t\t<div class=\"edgtf-item-text-holder\">\r\n\t\t\t<h3 class=\"edgtf-item-title\">\r\n\t\t\t\t<a href=\"https:\/\/firstmedia.group\/en\/premiere-of-the-film-balkan-war\/\" >\r\n\t\t\t\t\tPremiere of the Film &#8220;Balkan War&#8221;\t\t\t\t<\/a>\r\n\t\t\t<\/h3>\r\n\t\t\t\r\n\t\t\t<div class=\"edgtf-item-info-section\">\r\n\t\t\t\t<div class=\"edgtf-post-info-author\"><i class=\"edgtf-icon-simple-line-icon icon-user\"><\/i><a class=\"edgtf-post-info-author-link\" href=\"https:\/\/firstmedia.group\/en\/author\/bmt011\/\">bmt011<\/a><\/div>\r\n<div class=\"edgtf-post-info-category\"><i class=\"edgtf-icon-simple-line-icon icon-tag\"><\/i><a href=\"https:\/\/firstmedia.group\/en\/category\/marketing-en\/\" rel=\"category tag\">Marketing<\/a>, <a href=\"https:\/\/firstmedia.group\/en\/category\/portfolio-en\/\" rel=\"category tag\">Portfolio<\/a>, <a href=\"https:\/\/firstmedia.group\/en\/category\/news\/\" rel=\"category tag\">News<\/a><\/div><div class=\"edgtf-post-info-comments-holder\"><a class=\"edgtf-post-info-comments\" href=\"https:\/\/firstmedia.group\/en\/premiere-of-the-film-balkan-war\/#respond\" target=\"_self\"><i class=\"edgtf-icon-simple-line-icon icon-bubbles\"><\/i>0 Comments<\/a><\/div>\t\t\t<\/div>\r\n\t\t\t\r\n\t\t\t\t\t<\/div>\r\n\t<\/div>\t\r\n<\/li><li class=\"edgtf-blog-list-item clearfix\">\r\n\t<div class=\"edgtf-blog-list-item-inner\">\r\n\t\t\t\t\t<div class=\"edgtf-item-image\">\r\n\t\t\t\t<div class=\"edgtf-item-date\">\r\n\t\t\t\t\t<span class=\"edgtf-date-month\">Oct<\/span>\r\n\t\t\t\t\t<span class=\"edgtf-date-day\">17<\/span>\r\n\t\t\t\t\t<span class=\"edgtf-date-year\">2024<\/span>\r\n\t\t\t\t<\/div>\r\n\t\t\t\t<a href=\"https:\/\/firstmedia.group\/en\/vitaminka-good-food-wine-festival\/\">\r\n\t\t\t\t\t<img width=\"1280\" height=\"720\" src=\"https:\/\/firstmedia.group\/wp-content\/uploads\/2024\/10\/Untitled-design-21.png\" class=\"attachment-full size-full wp-post-image\" alt=\"\" loading=\"lazy\" srcset=\"https:\/\/firstmedia.group\/wp-content\/uploads\/2024\/10\/Untitled-design-21.png 1280w, https:\/\/firstmedia.group\/wp-content\/uploads\/2024\/10\/Untitled-design-21-300x169.png 300w, https:\/\/firstmedia.group\/wp-content\/uploads\/2024\/10\/Untitled-design-21-1024x576.png 1024w, https:\/\/firstmedia.group\/wp-content\/uploads\/2024\/10\/Untitled-design-21-768x432.png 768w, https:\/\/firstmedia.group\/wp-content\/uploads\/2024\/10\/Untitled-design-21-700x394.png 700w\" sizes=\"(max-width: 1280px) 100vw, 1280px\" \/>\t\t\t\t<\/a>\r\n\t\t\t\t<a href=\"https:\/\/firstmedia.group\/en\/vitaminka-good-food-wine-festival\/\" class=\"edgtf-image-hover\">\r\n\t\t\t\t\t<span class=\"edgtf-image-hover-inner\">\r\n\t\t\t\t\t\t<span>Read More<span class=\"arrow_carrot-right edgtf-hover-icon\"><\/span><\/span>\r\n\t\t\t\t\t<\/span>\r\n\t\t\t\t<\/a>\r\n\t\t\t<\/div>\r\n\t\t\t\t<div class=\"edgtf-item-text-holder\">\r\n\t\t\t<h3 class=\"edgtf-item-title\">\r\n\t\t\t\t<a href=\"https:\/\/firstmedia.group\/en\/vitaminka-good-food-wine-festival\/\" >\r\n\t\t\t\t\t\u201eVITAMINKA GOOD FOOD &#038; WINE FESTIVAL\u201c\t\t\t\t<\/a>\r\n\t\t\t<\/h3>\r\n\t\t\t\r\n\t\t\t<div class=\"edgtf-item-info-section\">\r\n\t\t\t\t<div class=\"edgtf-post-info-author\"><i class=\"edgtf-icon-simple-line-icon icon-user\"><\/i><a class=\"edgtf-post-info-author-link\" href=\"https:\/\/firstmedia.group\/en\/author\/bmt011\/\">bmt011<\/a><\/div>\r\n<div class=\"edgtf-post-info-category\"><i class=\"edgtf-icon-simple-line-icon icon-tag\"><\/i><a href=\"https:\/\/firstmedia.group\/en\/category\/public-relations-en\/\" rel=\"category tag\">Public Relations<\/a>, <a href=\"https:\/\/firstmedia.group\/en\/category\/marketing-en\/\" rel=\"category tag\">Marketing<\/a>, <a href=\"https:\/\/firstmedia.group\/en\/category\/portfolio-en\/\" rel=\"category tag\">Portfolio<\/a>, <a href=\"https:\/\/firstmedia.group\/en\/category\/news\/\" rel=\"category tag\">News<\/a><\/div><div class=\"edgtf-post-info-comments-holder\"><a class=\"edgtf-post-info-comments\" href=\"https:\/\/firstmedia.group\/en\/vitaminka-good-food-wine-festival\/#respond\" target=\"_self\"><i class=\"edgtf-icon-simple-line-icon icon-bubbles\"><\/i>0 Comments<\/a><\/div>\t\t\t<\/div>\r\n\t\t\t\r\n\t\t\t\t\t<\/div>\r\n\t<\/div>\t\r\n<\/li>\t<\/ul>\t\r\n<\/div>\r\n[\/vc_column][\/vc_row][vc_row][vc_column][vc_column_text]<\/p>\n<h4 style=\"text-align: center;\">PORTFOLIO<\/h4>\n<p>[\/vc_column_text][\/vc_column][\/vc_row]<\/p>\n","protected":false},"excerpt":{"rendered":"<p>[vc_row][vc_column][vc_column_text]Our services in the field of public relations concentrate on creating an environment in which customers want to present their ideas. With a\u00a0good organization of market access, clients can be sure that their business is presented to the general public in the best possible way&#8230;.<\/p>\n","protected":false},"author":1,"featured_media":0,"parent":0,"menu_order":0,"comment_status":"closed","ping_status":"closed","template":"","meta":[],"_links":{"self":[{"href":"https:\/\/firstmedia.group\/en\/wp-json\/wp\/v2\/pages\/6064"}],"collection":[{"href":"https:\/\/firstmedia.group\/en\/wp-json\/wp\/v2\/pages"}],"about":[{"href":"https:\/\/firstmedia.group\/en\/wp-json\/wp\/v2\/types\/page"}],"author":[{"embeddable":true,"href":"https:\/\/firstmedia.group\/en\/wp-json\/wp\/v2\/users\/1"}],"replies":[{"embeddable":true,"href":"https:\/\/firstmedia.group\/en\/wp-json\/wp\/v2\/comments?post=6064"}],"version-history":[{"count":1,"href":"https:\/\/firstmedia.group\/en\/wp-json\/wp\/v2\/pages\/6064\/revisions"}],"predecessor-version":[{"id":6066,"href":"https:\/\/firstmedia.group\/en\/wp-json\/wp\/v2\/pages\/6064\/revisions\/6066"}],"wp:attachment":[{"href":"https:\/\/firstmedia.group\/en\/wp-json\/wp\/v2\/media?parent=6064"}],"curies":[{"name":"wp","href":"https:\/\/api.w.org\/{rel}","templated":true}]}}