{"id":5911,"date":"2017-03-02T22:40:31","date_gmt":"2017-03-02T21:40:31","guid":{"rendered":"https:\/\/firstmedia.group\/?page_id=5911\/"},"modified":"2017-03-02T22:41:24","modified_gmt":"2017-03-02T21:41:24","slug":"aktuelno","status":"publish","type":"page","link":"https:\/\/firstmedia.group\/en\/aktuelno\/","title":{"rendered":"News"},"content":{"rendered":"<p>[vc_row][vc_column][vc_column_text]<\/p>\n<pre><\/pre>\n<p>[\/vc_column_text]<div class=\"edgtf-blog-list-holder edgtf-boxes edgtf-three-columns\">\r\n\t<ul class=\"edgtf-blog-list\">\r\n\t<li class=\"edgtf-blog-list-item clearfix\">\r\n\t<div class=\"edgtf-blog-list-item-inner\">\r\n\t\t\t\t\t<div class=\"edgtf-item-image\">\r\n\t\t\t\t<div class=\"edgtf-item-date\">\r\n\t\t\t\t\t<span class=\"edgtf-date-month\">Mar<\/span>\r\n\t\t\t\t\t<span class=\"edgtf-date-day\">27<\/span>\r\n\t\t\t\t\t<span class=\"edgtf-date-year\">2025<\/span>\r\n\t\t\t\t<\/div>\r\n\t\t\t\t<a href=\"https:\/\/firstmedia.group\/en\/premiere-of-the-film-balkan-war\/\">\r\n\t\t\t\t\t<img width=\"800\" height=\"600\" src=\"https:\/\/firstmedia.group\/wp-content\/uploads\/2025\/02\/balkanskirat-800x600.jpg\" class=\"attachment-portfolio-landscape size-portfolio-landscape wp-post-image\" alt=\"Balkanski rat, film, reditelj, premijera, Sava centar, Petar Bo\u017eovi\u0107, Rade \u0160erbed\u017eija, Bojana Pekovi\u0107, movie, 2025, first media group\" loading=\"lazy\" \/>\t\t\t\t<\/a>\r\n\t\t\t\t<a href=\"https:\/\/firstmedia.group\/en\/premiere-of-the-film-balkan-war\/\" class=\"edgtf-image-hover\">\r\n\t\t\t\t\t<span class=\"edgtf-image-hover-inner\">\r\n\t\t\t\t\t\t<span>Read More<span class=\"arrow_carrot-right edgtf-hover-icon\"><\/span><\/span>\r\n\t\t\t\t\t<\/span>\r\n\t\t\t\t<\/a>\r\n\t\t\t<\/div>\r\n\t\t\t\t<div class=\"edgtf-item-text-holder\">\r\n\t\t\t<h3 class=\"edgtf-item-title\">\r\n\t\t\t\t<a href=\"https:\/\/firstmedia.group\/en\/premiere-of-the-film-balkan-war\/\" >\r\n\t\t\t\t\tPremiere of the Film &#8220;Balkan War&#8221;\t\t\t\t<\/a>\r\n\t\t\t<\/h3>\r\n\t\t\t\r\n\t\t\t<div class=\"edgtf-item-info-section\">\r\n\t\t\t\t<div class=\"edgtf-post-info-author\"><i class=\"edgtf-icon-simple-line-icon icon-user\"><\/i><a class=\"edgtf-post-info-author-link\" href=\"https:\/\/firstmedia.group\/en\/author\/bmt011\/\">bmt011<\/a><\/div>\r\n<div class=\"edgtf-post-info-category\"><i class=\"edgtf-icon-simple-line-icon icon-tag\"><\/i><a href=\"https:\/\/firstmedia.group\/en\/category\/marketing-en\/\" rel=\"category tag\">Marketing<\/a>, <a href=\"https:\/\/firstmedia.group\/en\/category\/portfolio-en\/\" rel=\"category tag\">Portfolio<\/a>, <a href=\"https:\/\/firstmedia.group\/en\/category\/news\/\" rel=\"category tag\">News<\/a><\/div><div class=\"edgtf-post-info-comments-holder\"><a class=\"edgtf-post-info-comments\" href=\"https:\/\/firstmedia.group\/en\/premiere-of-the-film-balkan-war\/#respond\" target=\"_self\"><i class=\"edgtf-icon-simple-line-icon icon-bubbles\"><\/i>0 Comments<\/a><\/div>\t\t\t<\/div>\r\n\t\t\t\r\n\t\t\t\t\t<\/div>\r\n\t<\/div>\t\r\n<\/li><li class=\"edgtf-blog-list-item clearfix\">\r\n\t<div class=\"edgtf-blog-list-item-inner\">\r\n\t\t\t\t\t<div class=\"edgtf-item-image\">\r\n\t\t\t\t<div class=\"edgtf-item-date\">\r\n\t\t\t\t\t<span class=\"edgtf-date-month\">Oct<\/span>\r\n\t\t\t\t\t<span class=\"edgtf-date-day\">17<\/span>\r\n\t\t\t\t\t<span class=\"edgtf-date-year\">2024<\/span>\r\n\t\t\t\t<\/div>\r\n\t\t\t\t<a href=\"https:\/\/firstmedia.group\/en\/vitaminka-good-food-wine-festival\/\">\r\n\t\t\t\t\t<img width=\"800\" height=\"600\" src=\"https:\/\/firstmedia.group\/wp-content\/uploads\/2024\/10\/Untitled-design-21-800x600.png\" class=\"attachment-portfolio-landscape size-portfolio-landscape wp-post-image\" alt=\"\" loading=\"lazy\" \/>\t\t\t\t<\/a>\r\n\t\t\t\t<a href=\"https:\/\/firstmedia.group\/en\/vitaminka-good-food-wine-festival\/\" class=\"edgtf-image-hover\">\r\n\t\t\t\t\t<span class=\"edgtf-image-hover-inner\">\r\n\t\t\t\t\t\t<span>Read More<span class=\"arrow_carrot-right edgtf-hover-icon\"><\/span><\/span>\r\n\t\t\t\t\t<\/span>\r\n\t\t\t\t<\/a>\r\n\t\t\t<\/div>\r\n\t\t\t\t<div class=\"edgtf-item-text-holder\">\r\n\t\t\t<h3 class=\"edgtf-item-title\">\r\n\t\t\t\t<a href=\"https:\/\/firstmedia.group\/en\/vitaminka-good-food-wine-festival\/\" >\r\n\t\t\t\t\t\u201eVITAMINKA GOOD FOOD &#038; WINE FESTIVAL\u201c\t\t\t\t<\/a>\r\n\t\t\t<\/h3>\r\n\t\t\t\r\n\t\t\t<div class=\"edgtf-item-info-section\">\r\n\t\t\t\t<div class=\"edgtf-post-info-author\"><i class=\"edgtf-icon-simple-line-icon icon-user\"><\/i><a class=\"edgtf-post-info-author-link\" href=\"https:\/\/firstmedia.group\/en\/author\/bmt011\/\">bmt011<\/a><\/div>\r\n<div class=\"edgtf-post-info-category\"><i class=\"edgtf-icon-simple-line-icon icon-tag\"><\/i><a href=\"https:\/\/firstmedia.group\/en\/category\/public-relations-en\/\" rel=\"category tag\">Public Relations<\/a>, <a href=\"https:\/\/firstmedia.group\/en\/category\/marketing-en\/\" rel=\"category tag\">Marketing<\/a>, <a href=\"https:\/\/firstmedia.group\/en\/category\/portfolio-en\/\" rel=\"category tag\">Portfolio<\/a>, <a href=\"https:\/\/firstmedia.group\/en\/category\/news\/\" rel=\"category tag\">News<\/a><\/div><div class=\"edgtf-post-info-comments-holder\"><a class=\"edgtf-post-info-comments\" href=\"https:\/\/firstmedia.group\/en\/vitaminka-good-food-wine-festival\/#respond\" target=\"_self\"><i class=\"edgtf-icon-simple-line-icon icon-bubbles\"><\/i>0 Comments<\/a><\/div>\t\t\t<\/div>\r\n\t\t\t\r\n\t\t\t\t\t<\/div>\r\n\t<\/div>\t\r\n<\/li><li class=\"edgtf-blog-list-item clearfix\">\r\n\t<div class=\"edgtf-blog-list-item-inner\">\r\n\t\t\t\t\t<div class=\"edgtf-item-image\">\r\n\t\t\t\t<div class=\"edgtf-item-date\">\r\n\t\t\t\t\t<span class=\"edgtf-date-month\">Oct<\/span>\r\n\t\t\t\t\t<span class=\"edgtf-date-day\">17<\/span>\r\n\t\t\t\t\t<span class=\"edgtf-date-year\">2024<\/span>\r\n\t\t\t\t<\/div>\r\n\t\t\t\t<a href=\"https:\/\/firstmedia.group\/en\/along-the-paths-of-drina-rafters\/\">\r\n\t\t\t\t\t<img width=\"800\" height=\"600\" src=\"https:\/\/firstmedia.group\/wp-content\/uploads\/2024\/08\/\u041f\u0423\u0422\u0415\u0412\u0418\u041c\u0410-\u0414\u0420\u0418\u041d\u0421\u041a\u0418\u0425-\u0421\u041f\u041b\u0410\u0412\u0410\u0420\u0410-1-800x600.png\" class=\"attachment-portfolio-landscape size-portfolio-landscape wp-post-image\" alt=\"\" loading=\"lazy\" \/>\t\t\t\t<\/a>\r\n\t\t\t\t<a href=\"https:\/\/firstmedia.group\/en\/along-the-paths-of-drina-rafters\/\" class=\"edgtf-image-hover\">\r\n\t\t\t\t\t<span class=\"edgtf-image-hover-inner\">\r\n\t\t\t\t\t\t<span>Read More<span class=\"arrow_carrot-right edgtf-hover-icon\"><\/span><\/span>\r\n\t\t\t\t\t<\/span>\r\n\t\t\t\t<\/a>\r\n\t\t\t<\/div>\r\n\t\t\t\t<div class=\"edgtf-item-text-holder\">\r\n\t\t\t<h3 class=\"edgtf-item-title\">\r\n\t\t\t\t<a href=\"https:\/\/firstmedia.group\/en\/along-the-paths-of-drina-rafters\/\" >\r\n\t\t\t\t\t&#8220;ALONG THE PATHS OF DRINA RAFTERS&#8221;\t\t\t\t<\/a>\r\n\t\t\t<\/h3>\r\n\t\t\t\r\n\t\t\t<div class=\"edgtf-item-info-section\">\r\n\t\t\t\t<div class=\"edgtf-post-info-author\"><i class=\"edgtf-icon-simple-line-icon icon-user\"><\/i><a class=\"edgtf-post-info-author-link\" href=\"https:\/\/firstmedia.group\/en\/author\/bmt011\/\">bmt011<\/a><\/div>\r\n<div class=\"edgtf-post-info-category\"><i class=\"edgtf-icon-simple-line-icon icon-tag\"><\/i><a href=\"https:\/\/firstmedia.group\/en\/category\/tv-production-en\/\" rel=\"category tag\">TV production<\/a>, <a href=\"https:\/\/firstmedia.group\/en\/category\/portfolio-en\/\" rel=\"category tag\">Portfolio<\/a>, <a href=\"https:\/\/firstmedia.group\/en\/category\/news\/\" rel=\"category tag\">News<\/a><\/div><div class=\"edgtf-post-info-comments-holder\"><a class=\"edgtf-post-info-comments\" href=\"https:\/\/firstmedia.group\/en\/along-the-paths-of-drina-rafters\/#respond\" target=\"_self\"><i class=\"edgtf-icon-simple-line-icon icon-bubbles\"><\/i>0 Comments<\/a><\/div>\t\t\t<\/div>\r\n\t\t\t\r\n\t\t\t\t\t<\/div>\r\n\t<\/div>\t\r\n<\/li><li class=\"edgtf-blog-list-item clearfix\">\r\n\t<div class=\"edgtf-blog-list-item-inner\">\r\n\t\t\t\t\t<div class=\"edgtf-item-image\">\r\n\t\t\t\t<div class=\"edgtf-item-date\">\r\n\t\t\t\t\t<span class=\"edgtf-date-month\">Oct<\/span>\r\n\t\t\t\t\t<span class=\"edgtf-date-day\">17<\/span>\r\n\t\t\t\t\t<span class=\"edgtf-date-year\">2024<\/span>\r\n\t\t\t\t<\/div>\r\n\t\t\t\t<a href=\"https:\/\/firstmedia.group\/en\/click-top-up-your-enp\/\">\r\n\t\t\t\t\t<img width=\"800\" height=\"600\" src=\"https:\/\/firstmedia.group\/wp-content\/uploads\/2024\/07\/Autoputevi-Kampanja-za-aplikaciju-1024x614-1-800x600.png\" class=\"attachment-portfolio-landscape size-portfolio-landscape wp-post-image\" alt=\"\" loading=\"lazy\" \/>\t\t\t\t<\/a>\r\n\t\t\t\t<a href=\"https:\/\/firstmedia.group\/en\/click-top-up-your-enp\/\" class=\"edgtf-image-hover\">\r\n\t\t\t\t\t<span class=\"edgtf-image-hover-inner\">\r\n\t\t\t\t\t\t<span>Read More<span class=\"arrow_carrot-right edgtf-hover-icon\"><\/span><\/span>\r\n\t\t\t\t\t<\/span>\r\n\t\t\t\t<\/a>\r\n\t\t\t<\/div>\r\n\t\t\t\t<div class=\"edgtf-item-text-holder\">\r\n\t\t\t<h3 class=\"edgtf-item-title\">\r\n\t\t\t\t<a href=\"https:\/\/firstmedia.group\/en\/click-top-up-your-enp\/\" >\r\n\t\t\t\t\tClick \u2013 TOP UP YOUR ENP !\t\t\t\t<\/a>\r\n\t\t\t<\/h3>\r\n\t\t\t\r\n\t\t\t<div class=\"edgtf-item-info-section\">\r\n\t\t\t\t<div class=\"edgtf-post-info-author\"><i class=\"edgtf-icon-simple-line-icon icon-user\"><\/i><a class=\"edgtf-post-info-author-link\" href=\"https:\/\/firstmedia.group\/en\/author\/bmt011\/\">bmt011<\/a><\/div>\r\n<div class=\"edgtf-post-info-category\"><i class=\"edgtf-icon-simple-line-icon icon-tag\"><\/i><a href=\"https:\/\/firstmedia.group\/en\/category\/public-relations-en\/\" rel=\"category tag\">Public Relations<\/a>, <a href=\"https:\/\/firstmedia.group\/en\/category\/marketing-en\/\" rel=\"category tag\">Marketing<\/a>, <a href=\"https:\/\/firstmedia.group\/en\/category\/portfolio-en\/\" rel=\"category tag\">Portfolio<\/a>, <a href=\"https:\/\/firstmedia.group\/en\/category\/news\/\" rel=\"category tag\">News<\/a><\/div><div class=\"edgtf-post-info-comments-holder\"><a class=\"edgtf-post-info-comments\" href=\"https:\/\/firstmedia.group\/en\/click-top-up-your-enp\/#respond\" target=\"_self\"><i class=\"edgtf-icon-simple-line-icon icon-bubbles\"><\/i>0 Comments<\/a><\/div>\t\t\t<\/div>\r\n\t\t\t\r\n\t\t\t\t\t<\/div>\r\n\t<\/div>\t\r\n<\/li><li class=\"edgtf-blog-list-item clearfix\">\r\n\t<div class=\"edgtf-blog-list-item-inner\">\r\n\t\t\t\t\t<div class=\"edgtf-item-image\">\r\n\t\t\t\t<div class=\"edgtf-item-date\">\r\n\t\t\t\t\t<span class=\"edgtf-date-month\">Oct<\/span>\r\n\t\t\t\t\t<span class=\"edgtf-date-day\">17<\/span>\r\n\t\t\t\t\t<span class=\"edgtf-date-year\">2024<\/span>\r\n\t\t\t\t<\/div>\r\n\t\t\t\t<a href=\"https:\/\/firstmedia.group\/en\/safely-through-the-tunnel\/\">\r\n\t\t\t\t\t<img width=\"800\" height=\"600\" src=\"https:\/\/firstmedia.group\/wp-content\/uploads\/2024\/07\/2-800x600.jpg\" class=\"attachment-portfolio-landscape size-portfolio-landscape wp-post-image\" alt=\"\" loading=\"lazy\" \/>\t\t\t\t<\/a>\r\n\t\t\t\t<a href=\"https:\/\/firstmedia.group\/en\/safely-through-the-tunnel\/\" class=\"edgtf-image-hover\">\r\n\t\t\t\t\t<span class=\"edgtf-image-hover-inner\">\r\n\t\t\t\t\t\t<span>Read More<span class=\"arrow_carrot-right edgtf-hover-icon\"><\/span><\/span>\r\n\t\t\t\t\t<\/span>\r\n\t\t\t\t<\/a>\r\n\t\t\t<\/div>\r\n\t\t\t\t<div class=\"edgtf-item-text-holder\">\r\n\t\t\t<h3 class=\"edgtf-item-title\">\r\n\t\t\t\t<a href=\"https:\/\/firstmedia.group\/en\/safely-through-the-tunnel\/\" >\r\n\t\t\t\t\t&#8220;SAFELY THROUGH THE TUNNEL&#8221;\t\t\t\t<\/a>\r\n\t\t\t<\/h3>\r\n\t\t\t\r\n\t\t\t<div class=\"edgtf-item-info-section\">\r\n\t\t\t\t<div class=\"edgtf-post-info-author\"><i class=\"edgtf-icon-simple-line-icon icon-user\"><\/i><a class=\"edgtf-post-info-author-link\" href=\"https:\/\/firstmedia.group\/en\/author\/bmt011\/\">bmt011<\/a><\/div>\r\n<div class=\"edgtf-post-info-category\"><i class=\"edgtf-icon-simple-line-icon icon-tag\"><\/i><a href=\"https:\/\/firstmedia.group\/en\/category\/tv-production-en\/\" rel=\"category tag\">TV production<\/a>, <a href=\"https:\/\/firstmedia.group\/en\/category\/portfolio-en\/\" rel=\"category tag\">Portfolio<\/a>, <a href=\"https:\/\/firstmedia.group\/en\/category\/news\/\" rel=\"category tag\">News<\/a><\/div><div class=\"edgtf-post-info-comments-holder\"><a class=\"edgtf-post-info-comments\" href=\"https:\/\/firstmedia.group\/en\/safely-through-the-tunnel\/#respond\" target=\"_self\"><i class=\"edgtf-icon-simple-line-icon icon-bubbles\"><\/i>0 Comments<\/a><\/div>\t\t\t<\/div>\r\n\t\t\t\r\n\t\t\t\t\t<\/div>\r\n\t<\/div>\t\r\n<\/li><li class=\"edgtf-blog-list-item clearfix\">\r\n\t<div class=\"edgtf-blog-list-item-inner\">\r\n\t\t\t\t\t<div class=\"edgtf-item-image\">\r\n\t\t\t\t<div class=\"edgtf-item-date\">\r\n\t\t\t\t\t<span class=\"edgtf-date-month\">Oct<\/span>\r\n\t\t\t\t\t<span class=\"edgtf-date-day\">17<\/span>\r\n\t\t\t\t\t<span class=\"edgtf-date-year\">2024<\/span>\r\n\t\t\t\t<\/div>\r\n\t\t\t\t<a href=\"https:\/\/firstmedia.group\/en\/we-are-not-alone-in-the-tunnel\/\">\r\n\t\t\t\t\t<img width=\"800\" height=\"600\" src=\"https:\/\/firstmedia.group\/wp-content\/uploads\/2024\/07\/1-800x600.jpg\" class=\"attachment-portfolio-landscape size-portfolio-landscape wp-post-image\" alt=\"\" loading=\"lazy\" \/>\t\t\t\t<\/a>\r\n\t\t\t\t<a href=\"https:\/\/firstmedia.group\/en\/we-are-not-alone-in-the-tunnel\/\" class=\"edgtf-image-hover\">\r\n\t\t\t\t\t<span class=\"edgtf-image-hover-inner\">\r\n\t\t\t\t\t\t<span>Read More<span class=\"arrow_carrot-right edgtf-hover-icon\"><\/span><\/span>\r\n\t\t\t\t\t<\/span>\r\n\t\t\t\t<\/a>\r\n\t\t\t<\/div>\r\n\t\t\t\t<div class=\"edgtf-item-text-holder\">\r\n\t\t\t<h3 class=\"edgtf-item-title\">\r\n\t\t\t\t<a href=\"https:\/\/firstmedia.group\/en\/we-are-not-alone-in-the-tunnel\/\" >\r\n\t\t\t\t\t&#8220;WE ARE NOT ALONE IN THE TUNNEL&#8221;\t\t\t\t<\/a>\r\n\t\t\t<\/h3>\r\n\t\t\t\r\n\t\t\t<div class=\"edgtf-item-info-section\">\r\n\t\t\t\t<div class=\"edgtf-post-info-author\"><i class=\"edgtf-icon-simple-line-icon icon-user\"><\/i><a class=\"edgtf-post-info-author-link\" href=\"https:\/\/firstmedia.group\/en\/author\/bmt011\/\">bmt011<\/a><\/div>\r\n<div class=\"edgtf-post-info-category\"><i class=\"edgtf-icon-simple-line-icon icon-tag\"><\/i><a href=\"https:\/\/firstmedia.group\/en\/category\/tv-production-en\/\" rel=\"category tag\">TV production<\/a>, <a href=\"https:\/\/firstmedia.group\/en\/category\/portfolio-en\/\" rel=\"category tag\">Portfolio<\/a>, <a href=\"https:\/\/firstmedia.group\/en\/category\/news\/\" rel=\"category tag\">News<\/a><\/div><div class=\"edgtf-post-info-comments-holder\"><a class=\"edgtf-post-info-comments\" href=\"https:\/\/firstmedia.group\/en\/we-are-not-alone-in-the-tunnel\/#respond\" target=\"_self\"><i class=\"edgtf-icon-simple-line-icon icon-bubbles\"><\/i>0 Comments<\/a><\/div>\t\t\t<\/div>\r\n\t\t\t\r\n\t\t\t\t\t<\/div>\r\n\t<\/div>\t\r\n<\/li>\t<\/ul>\t\r\n<\/div>\r\n[\/vc_column][\/vc_row]<\/p>\n","protected":false},"excerpt":{"rendered":"<p>[vc_row][vc_column][vc_column_text] [\/vc_column_text][\/vc_column][\/vc_row]<\/p>\n","protected":false},"author":1,"featured_media":0,"parent":0,"menu_order":0,"comment_status":"closed","ping_status":"closed","template":"","meta":[],"_links":{"self":[{"href":"https:\/\/firstmedia.group\/en\/wp-json\/wp\/v2\/pages\/5911"}],"collection":[{"href":"https:\/\/firstmedia.group\/en\/wp-json\/wp\/v2\/pages"}],"about":[{"href":"https:\/\/firstmedia.group\/en\/wp-json\/wp\/v2\/types\/page"}],"author":[{"embeddable":true,"href":"https:\/\/firstmedia.group\/en\/wp-json\/wp\/v2\/users\/1"}],"replies":[{"embeddable":true,"href":"https:\/\/firstmedia.group\/en\/wp-json\/wp\/v2\/comments?post=5911"}],"version-history":[{"count":2,"href":"https:\/\/firstmedia.group\/en\/wp-json\/wp\/v2\/pages\/5911\/revisions"}],"predecessor-version":[{"id":5913,"href":"https:\/\/firstmedia.group\/en\/wp-json\/wp\/v2\/pages\/5911\/revisions\/5913"}],"wp:attachment":[{"href":"https:\/\/firstmedia.group\/en\/wp-json\/wp\/v2\/media?parent=5911"}],"curies":[{"name":"wp","href":"https:\/\/api.w.org\/{rel}","templated":true}]}}